{"id":159,"date":"2021-10-14T11:51:21","date_gmt":"2021-10-14T11:51:21","guid":{"rendered":"http:\/\/espinperitaciones.com\/?page_id=159"},"modified":"2021-10-26T09:06:31","modified_gmt":"2021-10-26T09:06:31","slug":"siniestros-industria","status":"publish","type":"page","link":"https:\/\/espinperitaciones.com\/?page_id=159","title":{"rendered":"Siniestros industria"},"content":{"rendered":"\t\t<div data-elementor-type=\"wp-page\" data-elementor-id=\"159\" class=\"elementor elementor-159\">\n\t\t\t\t\t\t<section class=\"elementor-section elementor-top-section elementor-element elementor-element-5d3d544 elementor-hidden-mobile elementor-section-boxed elementor-section-height-default elementor-section-height-default\" data-id=\"5d3d544\" data-element_type=\"section\" data-e-type=\"section\">\n\t\t\t\t\t\t<div class=\"elementor-container elementor-column-gap-default\">\n\t\t\t\t\t<div class=\"elementor-column elementor-col-50 elementor-top-column elementor-element elementor-element-5b61c50 animated-slow elementor-invisible\" data-id=\"5b61c50\" data-element_type=\"column\" data-e-type=\"column\" data-settings=\"{&quot;background_background&quot;:&quot;classic&quot;,&quot;animation&quot;:&quot;fadeInLeft&quot;}\">\n\t\t\t<div class=\"elementor-widget-wrap elementor-element-populated\">\n\t\t\t\t\t\t<div class=\"elementor-element elementor-element-5807b36 elementor-widget elementor-widget-spacer\" data-id=\"5807b36\" data-element_type=\"widget\" data-e-type=\"widget\" data-widget_type=\"spacer.default\">\n\t\t\t\t<div class=\"elementor-widget-container\">\n\t\t\t\t\t\t\t<div class=\"elementor-spacer\">\n\t\t\t<div class=\"elementor-spacer-inner\"><\/div>\n\t\t<\/div>\n\t\t\t\t\t\t<\/div>\n\t\t\t\t<\/div>\n\t\t\t\t\t<\/div>\n\t\t<\/div>\n\t\t\t\t<div class=\"elementor-column elementor-col-50 elementor-top-column elementor-element elementor-element-f2fb5be\" data-id=\"f2fb5be\" data-element_type=\"column\" data-e-type=\"column\">\n\t\t\t<div class=\"elementor-widget-wrap elementor-element-populated\">\n\t\t\t\t\t\t<div class=\"elementor-element elementor-element-b3e01f1 elementor-invisible elementor-widget elementor-widget-heading\" data-id=\"b3e01f1\" data-element_type=\"widget\" data-e-type=\"widget\" data-settings=\"{&quot;_animation&quot;:&quot;fadeInDown&quot;}\" data-widget_type=\"heading.default\">\n\t\t\t\t<div class=\"elementor-widget-container\">\n\t\t\t\t\t<h2 class=\"elementor-heading-title elementor-size-default\">Peritaciones de defensa para siniestros Industriales<\/h2>\t\t\t\t<\/div>\n\t\t\t\t<\/div>\n\t\t\t\t<div class=\"elementor-element elementor-element-c8e6fcc elementor-invisible elementor-widget elementor-widget-text-editor\" data-id=\"c8e6fcc\" data-element_type=\"widget\" data-e-type=\"widget\" data-settings=\"{&quot;_animation&quot;:&quot;fadeInUp&quot;}\" data-widget_type=\"text-editor.default\">\n\t\t\t\t<div class=\"elementor-widget-container\">\n\t\t\t\t\t\t\t\t\t<p>Se considera siniestro industrial a cualquier incidencia o imprevisto que ponga en riesgo a una empresa durante el ejercicio de su actividad, implicando tanto recursos humanos como materiales.<\/p><p>Por norma general, los siniestros a los que se enfrentan las f\u00e1bricas o industrias son de mayor gravedad que los que pueden ocurrir en los hogares o en los comercios. Los m\u00e1s frecuentes y de mayor coste econ\u00f3mico son, sobre todo, los incendios.<\/p><p>Llevamos a cabo la investigaci\u00f3n del siniestro ocurrido para esclarecer los factores y hechos que han intervenido en su desarrollo, ofreciendo as\u00ed un an\u00e1lisis completo que permita hacer una tasaci\u00f3n rigurosa de los da\u00f1os.<\/p>\t\t\t\t\t\t\t\t<\/div>\n\t\t\t\t<\/div>\n\t\t\t\t\t<\/div>\n\t\t<\/div>\n\t\t\t\t\t<\/div>\n\t\t<\/section>\n\t\t\t\t<section class=\"elementor-section elementor-top-section elementor-element elementor-element-99cc8af elementor-hidden-mobile elementor-section-boxed elementor-section-height-default elementor-section-height-default\" data-id=\"99cc8af\" data-element_type=\"section\" data-e-type=\"section\">\n\t\t\t\t\t\t<div class=\"elementor-container elementor-column-gap-default\">\n\t\t\t\t\t<div class=\"elementor-column elementor-col-50 elementor-top-column elementor-element elementor-element-61fc77a\" data-id=\"61fc77a\" data-element_type=\"column\" data-e-type=\"column\">\n\t\t\t<div class=\"elementor-widget-wrap elementor-element-populated\">\n\t\t\t\t\t\t<div class=\"elementor-element elementor-element-c9fbdd5 animated-slow elementor-invisible elementor-widget elementor-widget-image\" data-id=\"c9fbdd5\" data-element_type=\"widget\" data-e-type=\"widget\" data-settings=\"{&quot;_animation&quot;:&quot;fadeInDown&quot;,&quot;_animation_delay&quot;:300}\" data-widget_type=\"image.default\">\n\t\t\t\t<div class=\"elementor-widget-container\">\n\t\t\t\t\t\t\t\t\t\t\t\t\t\t\t<img fetchpriority=\"high\" decoding=\"async\" width=\"1424\" height=\"687\" src=\"https:\/\/espinperitaciones.com\/wp-content\/uploads\/2021\/10\/gente-industrial.png\" class=\"attachment-full size-full wp-image-167\" alt=\"\" srcset=\"https:\/\/espinperitaciones.com\/wp-content\/uploads\/2021\/10\/gente-industrial.png 1424w, https:\/\/espinperitaciones.com\/wp-content\/uploads\/2021\/10\/gente-industrial-300x145.png 300w, https:\/\/espinperitaciones.com\/wp-content\/uploads\/2021\/10\/gente-industrial-1024x494.png 1024w, https:\/\/espinperitaciones.com\/wp-content\/uploads\/2021\/10\/gente-industrial-768x371.png 768w\" sizes=\"(max-width: 1424px) 100vw, 1424px\" \/>\t\t\t\t\t\t\t\t\t\t\t\t\t\t\t<\/div>\n\t\t\t\t<\/div>\n\t\t\t\t\t<\/div>\n\t\t<\/div>\n\t\t\t\t<div class=\"elementor-column elementor-col-50 elementor-top-column elementor-element elementor-element-4c0a996\" data-id=\"4c0a996\" data-element_type=\"column\" data-e-type=\"column\">\n\t\t\t<div class=\"elementor-widget-wrap\">\n\t\t\t\t\t\t\t<\/div>\n\t\t<\/div>\n\t\t\t\t\t<\/div>\n\t\t<\/section>\n\t\t\t\t<section class=\"elementor-section elementor-top-section elementor-element elementor-element-6b08880 elementor-hidden-mobile elementor-section-boxed elementor-section-height-default elementor-section-height-default\" data-id=\"6b08880\" data-element_type=\"section\" data-e-type=\"section\">\n\t\t\t\t\t\t<div class=\"elementor-container elementor-column-gap-default\">\n\t\t\t\t\t<div class=\"elementor-column elementor-col-100 elementor-top-column elementor-element elementor-element-7b6bb7c\" data-id=\"7b6bb7c\" data-element_type=\"column\" data-e-type=\"column\">\n\t\t\t<div class=\"elementor-widget-wrap elementor-element-populated\">\n\t\t\t\t\t\t<div class=\"elementor-element elementor-element-c14a75a elementor-widget elementor-widget-spacer\" data-id=\"c14a75a\" data-element_type=\"widget\" data-e-type=\"widget\" data-widget_type=\"spacer.default\">\n\t\t\t\t<div class=\"elementor-widget-container\">\n\t\t\t\t\t\t\t<div class=\"elementor-spacer\">\n\t\t\t<div class=\"elementor-spacer-inner\"><\/div>\n\t\t<\/div>\n\t\t\t\t\t\t<\/div>\n\t\t\t\t<\/div>\n\t\t\t\t\t<\/div>\n\t\t<\/div>\n\t\t\t\t\t<\/div>\n\t\t<\/section>\n\t\t\t\t<section class=\"elementor-section elementor-top-section elementor-element elementor-element-f51da4e elementor-hidden-desktop elementor-hidden-tablet elementor-section-boxed elementor-section-height-default elementor-section-height-default\" data-id=\"f51da4e\" data-element_type=\"section\" data-e-type=\"section\">\n\t\t\t\t\t\t<div class=\"elementor-container elementor-column-gap-default\">\n\t\t\t\t\t<div class=\"elementor-column elementor-col-100 elementor-top-column elementor-element elementor-element-2fe5b8d animated-slow elementor-invisible\" data-id=\"2fe5b8d\" data-element_type=\"column\" data-e-type=\"column\" data-settings=\"{&quot;background_background&quot;:&quot;classic&quot;,&quot;animation&quot;:&quot;fadeInLeft&quot;}\">\n\t\t\t<div class=\"elementor-widget-wrap elementor-element-populated\">\n\t\t\t\t\t\t<div class=\"elementor-element elementor-element-2b4d3de elementor-widget elementor-widget-image\" data-id=\"2b4d3de\" data-element_type=\"widget\" data-e-type=\"widget\" data-widget_type=\"image.default\">\n\t\t\t\t<div class=\"elementor-widget-container\">\n\t\t\t\t\t\t\t\t\t\t\t\t\t\t\t<img decoding=\"async\" width=\"500\" height=\"500\" src=\"https:\/\/espinperitaciones.com\/wp-content\/uploads\/2021\/10\/siniestros-industria.png\" class=\"attachment-medium_large size-medium_large wp-image-83\" alt=\"Industria\" srcset=\"https:\/\/espinperitaciones.com\/wp-content\/uploads\/2021\/10\/siniestros-industria.png 500w, https:\/\/espinperitaciones.com\/wp-content\/uploads\/2021\/10\/siniestros-industria-300x300.png 300w, https:\/\/espinperitaciones.com\/wp-content\/uploads\/2021\/10\/siniestros-industria-150x150.png 150w\" sizes=\"(max-width: 500px) 100vw, 500px\" \/>\t\t\t\t\t\t\t\t\t\t\t\t\t\t\t<\/div>\n\t\t\t\t<\/div>\n\t\t\t\t\t<\/div>\n\t\t<\/div>\n\t\t\t\t\t<\/div>\n\t\t<\/section>\n\t\t\t\t<section class=\"elementor-section elementor-top-section elementor-element elementor-element-73f4897 elementor-hidden-desktop elementor-hidden-tablet elementor-section-boxed elementor-section-height-default elementor-section-height-default\" data-id=\"73f4897\" data-element_type=\"section\" data-e-type=\"section\">\n\t\t\t\t\t\t<div class=\"elementor-container elementor-column-gap-default\">\n\t\t\t\t\t<div class=\"elementor-column elementor-col-100 elementor-top-column elementor-element elementor-element-b17c18d\" data-id=\"b17c18d\" data-element_type=\"column\" data-e-type=\"column\">\n\t\t\t<div class=\"elementor-widget-wrap elementor-element-populated\">\n\t\t\t\t\t\t<div class=\"elementor-element elementor-element-7e9ba51 animated-slow elementor-invisible elementor-widget elementor-widget-image\" data-id=\"7e9ba51\" data-element_type=\"widget\" data-e-type=\"widget\" data-settings=\"{&quot;_animation&quot;:&quot;fadeInLeft&quot;,&quot;_animation_delay&quot;:300}\" data-widget_type=\"image.default\">\n\t\t\t\t<div class=\"elementor-widget-container\">\n\t\t\t\t\t\t\t\t\t\t\t\t\t\t\t<img fetchpriority=\"high\" decoding=\"async\" width=\"1424\" height=\"687\" src=\"https:\/\/espinperitaciones.com\/wp-content\/uploads\/2021\/10\/gente-industrial.png\" class=\"attachment-full size-full wp-image-167\" alt=\"\" srcset=\"https:\/\/espinperitaciones.com\/wp-content\/uploads\/2021\/10\/gente-industrial.png 1424w, https:\/\/espinperitaciones.com\/wp-content\/uploads\/2021\/10\/gente-industrial-300x145.png 300w, https:\/\/espinperitaciones.com\/wp-content\/uploads\/2021\/10\/gente-industrial-1024x494.png 1024w, https:\/\/espinperitaciones.com\/wp-content\/uploads\/2021\/10\/gente-industrial-768x371.png 768w\" sizes=\"(max-width: 1424px) 100vw, 1424px\" \/>\t\t\t\t\t\t\t\t\t\t\t\t\t\t\t<\/div>\n\t\t\t\t<\/div>\n\t\t\t\t\t<\/div>\n\t\t<\/div>\n\t\t\t\t\t<\/div>\n\t\t<\/section>\n\t\t\t\t<section class=\"elementor-section elementor-top-section elementor-element elementor-element-90362f0 elementor-hidden-desktop elementor-hidden-tablet elementor-section-boxed elementor-section-height-default elementor-section-height-default\" data-id=\"90362f0\" data-element_type=\"section\" data-e-type=\"section\">\n\t\t\t\t\t\t<div class=\"elementor-container elementor-column-gap-default\">\n\t\t\t\t\t<div class=\"elementor-column elementor-col-100 elementor-top-column elementor-element elementor-element-8cdb1bb\" data-id=\"8cdb1bb\" data-element_type=\"column\" data-e-type=\"column\">\n\t\t\t<div class=\"elementor-widget-wrap elementor-element-populated\">\n\t\t\t\t\t\t<div class=\"elementor-element elementor-element-448123b elementor-invisible elementor-widget elementor-widget-heading\" data-id=\"448123b\" data-element_type=\"widget\" data-e-type=\"widget\" data-settings=\"{&quot;_animation&quot;:&quot;fadeInDown&quot;}\" data-widget_type=\"heading.default\">\n\t\t\t\t<div class=\"elementor-widget-container\">\n\t\t\t\t\t<h2 class=\"elementor-heading-title elementor-size-default\">Peritaciones de defensa para siniestros Industriales<\/h2>\t\t\t\t<\/div>\n\t\t\t\t<\/div>\n\t\t\t\t<div class=\"elementor-element elementor-element-6728235 elementor-invisible elementor-widget elementor-widget-text-editor\" data-id=\"6728235\" data-element_type=\"widget\" data-e-type=\"widget\" data-settings=\"{&quot;_animation&quot;:&quot;fadeInUp&quot;}\" data-widget_type=\"text-editor.default\">\n\t\t\t\t<div class=\"elementor-widget-container\">\n\t\t\t\t\t\t\t\t\t<p>Se considera siniestro industrial a cualquier incidencia o imprevisto que ponga en riesgo a una empresa durante el ejercicio de su actividad, implicando tanto recursos humanos como materiales.<\/p><p>Por norma general, los siniestros a los que se enfrentan las f\u00e1bricas o industrias son de mayor gravedad que los que pueden ocurrir en los hogares o en los comercios. Los m\u00e1s frecuentes y de mayor coste econ\u00f3mico son, sobre todo, los incendios.<\/p><p>Llevamos a cabo la investigaci\u00f3n del siniestro ocurrido para esclarecer los factores y hechos que han intervenido en su desarrollo, ofreciendo as\u00ed un an\u00e1lisis completo que permita hacer una tasaci\u00f3n rigurosa de los da\u00f1os.<\/p>\t\t\t\t\t\t\t\t<\/div>\n\t\t\t\t<\/div>\n\t\t\t\t\t<\/div>\n\t\t<\/div>\n\t\t\t\t\t<\/div>\n\t\t<\/section>\n\t\t\t\t<\/div>\n\t\t","protected":false},"excerpt":{"rendered":"<p>Peritaciones de defensa para siniestros Industriales Se considera siniestro industrial a cualquier incidencia o imprevisto que ponga en riesgo a una empresa durante el ejercicio de su actividad, implicando tanto recursos humanos como materiales. Por norma general, los siniestros a los que se enfrentan las f\u00e1bricas o industrias son de mayor gravedad que los que &#8230; <a title=\"Siniestros industria\" class=\"read-more\" href=\"https:\/\/espinperitaciones.com\/?page_id=159\" aria-label=\"Leer m\u00e1s sobre Siniestros industria\">Leer m\u00e1s<\/a><\/p>\n","protected":false},"author":1,"featured_media":0,"parent":0,"menu_order":0,"comment_status":"closed","ping_status":"closed","template":"elementor_canvas","meta":{"rs_blank_template":"","rs_page_bg_color":"","slide_template_v7":"","footnotes":""},"class_list":["post-159","page","type-page","status-publish"],"_links":{"self":[{"href":"https:\/\/espinperitaciones.com\/index.php?rest_route=\/wp\/v2\/pages\/159","targetHints":{"allow":["GET"]}}],"collection":[{"href":"https:\/\/espinperitaciones.com\/index.php?rest_route=\/wp\/v2\/pages"}],"about":[{"href":"https:\/\/espinperitaciones.com\/index.php?rest_route=\/wp\/v2\/types\/page"}],"author":[{"embeddable":true,"href":"https:\/\/espinperitaciones.com\/index.php?rest_route=\/wp\/v2\/users\/1"}],"replies":[{"embeddable":true,"href":"https:\/\/espinperitaciones.com\/index.php?rest_route=%2Fwp%2Fv2%2Fcomments&post=159"}],"version-history":[{"count":55,"href":"https:\/\/espinperitaciones.com\/index.php?rest_route=\/wp\/v2\/pages\/159\/revisions"}],"predecessor-version":[{"id":1286,"href":"https:\/\/espinperitaciones.com\/index.php?rest_route=\/wp\/v2\/pages\/159\/revisions\/1286"}],"wp:attachment":[{"href":"https:\/\/espinperitaciones.com\/index.php?rest_route=%2Fwp%2Fv2%2Fmedia&parent=159"}],"curies":[{"name":"wp","href":"https:\/\/api.w.org\/{rel}","templated":true}]}}