{"id":97,"date":"2021-10-13T11:15:47","date_gmt":"2021-10-13T11:15:47","guid":{"rendered":"http:\/\/espinperitaciones.com\/?page_id=97"},"modified":"2021-10-26T08:46:58","modified_gmt":"2021-10-26T08:46:58","slug":"siniestros-hogar","status":"publish","type":"page","link":"https:\/\/espinperitaciones.com\/?page_id=97","title":{"rendered":"Siniestros hogar"},"content":{"rendered":"\t\t<div data-elementor-type=\"wp-page\" data-elementor-id=\"97\" class=\"elementor elementor-97\">\n\t\t\t\t\t\t<section class=\"elementor-section elementor-top-section elementor-element elementor-element-5d3d544 elementor-hidden-mobile elementor-section-boxed elementor-section-height-default elementor-section-height-default\" data-id=\"5d3d544\" data-element_type=\"section\" data-e-type=\"section\">\n\t\t\t\t\t\t<div class=\"elementor-container elementor-column-gap-default\">\n\t\t\t\t\t<div class=\"elementor-column elementor-col-50 elementor-top-column elementor-element elementor-element-5b61c50 animated-slow elementor-invisible\" data-id=\"5b61c50\" data-element_type=\"column\" data-e-type=\"column\" data-settings=\"{&quot;background_background&quot;:&quot;classic&quot;,&quot;animation&quot;:&quot;fadeInDown&quot;}\">\n\t\t\t<div class=\"elementor-widget-wrap elementor-element-populated\">\n\t\t\t\t\t\t<div class=\"elementor-element elementor-element-a018d4c elementor-widget elementor-widget-image\" data-id=\"a018d4c\" data-element_type=\"widget\" data-e-type=\"widget\" data-widget_type=\"image.default\">\n\t\t\t\t<div class=\"elementor-widget-container\">\n\t\t\t\t\t\t\t\t\t\t\t\t\t\t\t<img fetchpriority=\"high\" decoding=\"async\" width=\"500\" height=\"500\" src=\"https:\/\/espinperitaciones.com\/wp-content\/uploads\/2021\/10\/hogar.png\" class=\"attachment-medium_large size-medium_large wp-image-53\" alt=\"hogar\" srcset=\"https:\/\/espinperitaciones.com\/wp-content\/uploads\/2021\/10\/hogar.png 500w, https:\/\/espinperitaciones.com\/wp-content\/uploads\/2021\/10\/hogar-300x300.png 300w, https:\/\/espinperitaciones.com\/wp-content\/uploads\/2021\/10\/hogar-150x150.png 150w\" sizes=\"(max-width: 500px) 100vw, 500px\" \/>\t\t\t\t\t\t\t\t\t\t\t\t\t\t\t<\/div>\n\t\t\t\t<\/div>\n\t\t\t\t\t<\/div>\n\t\t<\/div>\n\t\t\t\t<div class=\"elementor-column elementor-col-50 elementor-top-column elementor-element elementor-element-f2fb5be\" data-id=\"f2fb5be\" data-element_type=\"column\" data-e-type=\"column\">\n\t\t\t<div class=\"elementor-widget-wrap elementor-element-populated\">\n\t\t\t\t\t\t<div class=\"elementor-element elementor-element-b3e01f1 animated-slow elementor-invisible elementor-widget elementor-widget-heading\" data-id=\"b3e01f1\" data-element_type=\"widget\" data-e-type=\"widget\" data-settings=\"{&quot;_animation&quot;:&quot;fadeInDown&quot;}\" data-widget_type=\"heading.default\">\n\t\t\t\t<div class=\"elementor-widget-container\">\n\t\t\t\t\t<h2 class=\"elementor-heading-title elementor-size-default\">Peritaciones de defensa para siniestros de Hogar<\/h2>\t\t\t\t<\/div>\n\t\t\t\t<\/div>\n\t\t\t\t<div class=\"elementor-element elementor-element-c8e6fcc animated-slow elementor-invisible elementor-widget elementor-widget-text-editor\" data-id=\"c8e6fcc\" data-element_type=\"widget\" data-e-type=\"widget\" data-settings=\"{&quot;_animation&quot;:&quot;fadeInUp&quot;}\" data-widget_type=\"text-editor.default\">\n\t\t\t\t<div class=\"elementor-widget-container\">\n\t\t\t\t\t\t\t\t\t<p>Un siniestro en el hogar es un evento imprevisto e inevitable que puede provocar da\u00f1os en el inmueble, en su equipamiento o en las propias personas que se encuentran en \u00e9l en el momento del suceso.<\/p><p>Nosotros nos encargamos de la valoraci\u00f3n, verificaci\u00f3n y tasaci\u00f3n de los da\u00f1os que se hayan ocasionado en su vivienda como consecuencia de cualquier aver\u00eda o accidente.<\/p><p>Algunos de los siniestros m\u00e1s comunes que se suelen producir en el hogar son los da\u00f1os por agua, la rotura de cristales, los da\u00f1os el\u00e9ctricos y los da\u00f1os ocasionados por fen\u00f3menos atmosf\u00e9ricos como pueden ser las fuertes rachas de viento, lluvia o la ca\u00edda de nieve y pedrisco.<\/p>\t\t\t\t\t\t\t\t<\/div>\n\t\t\t\t<\/div>\n\t\t\t\t\t<\/div>\n\t\t<\/div>\n\t\t\t\t\t<\/div>\n\t\t<\/section>\n\t\t\t\t<section class=\"elementor-section elementor-top-section elementor-element elementor-element-99cc8af elementor-hidden-mobile elementor-section-boxed elementor-section-height-default elementor-section-height-default\" data-id=\"99cc8af\" data-element_type=\"section\" data-e-type=\"section\">\n\t\t\t\t\t\t<div class=\"elementor-container elementor-column-gap-default\">\n\t\t\t\t\t<div class=\"elementor-column elementor-col-50 elementor-top-column elementor-element elementor-element-61fc77a\" data-id=\"61fc77a\" data-element_type=\"column\" data-e-type=\"column\">\n\t\t\t<div class=\"elementor-widget-wrap elementor-element-populated\">\n\t\t\t\t\t\t<div class=\"elementor-element elementor-element-e42b6fb animated-slow elementor-invisible elementor-widget elementor-widget-image\" data-id=\"e42b6fb\" data-element_type=\"widget\" data-e-type=\"widget\" data-settings=\"{&quot;_animation&quot;:&quot;fadeInUp&quot;}\" data-widget_type=\"image.default\">\n\t\t\t\t<div class=\"elementor-widget-container\">\n\t\t\t\t\t\t\t\t\t\t\t\t\t\t\t<img decoding=\"async\" width=\"1424\" height=\"687\" src=\"https:\/\/espinperitaciones.com\/wp-content\/uploads\/2021\/10\/familia.png\" class=\"attachment-full size-full wp-image-100\" alt=\"\" srcset=\"https:\/\/espinperitaciones.com\/wp-content\/uploads\/2021\/10\/familia.png 1424w, https:\/\/espinperitaciones.com\/wp-content\/uploads\/2021\/10\/familia-300x145.png 300w, https:\/\/espinperitaciones.com\/wp-content\/uploads\/2021\/10\/familia-1024x494.png 1024w, https:\/\/espinperitaciones.com\/wp-content\/uploads\/2021\/10\/familia-768x371.png 768w\" sizes=\"(max-width: 1424px) 100vw, 1424px\" \/>\t\t\t\t\t\t\t\t\t\t\t\t\t\t\t<\/div>\n\t\t\t\t<\/div>\n\t\t\t\t\t<\/div>\n\t\t<\/div>\n\t\t\t\t<div class=\"elementor-column elementor-col-50 elementor-top-column elementor-element elementor-element-4c0a996\" data-id=\"4c0a996\" data-element_type=\"column\" data-e-type=\"column\">\n\t\t\t<div class=\"elementor-widget-wrap\">\n\t\t\t\t\t\t\t<\/div>\n\t\t<\/div>\n\t\t\t\t\t<\/div>\n\t\t<\/section>\n\t\t\t\t<section class=\"elementor-section elementor-top-section elementor-element elementor-element-428e46e elementor-hidden-mobile elementor-section-boxed elementor-section-height-default elementor-section-height-default\" data-id=\"428e46e\" data-element_type=\"section\" data-e-type=\"section\">\n\t\t\t\t\t\t<div class=\"elementor-container elementor-column-gap-default\">\n\t\t\t\t\t<div class=\"elementor-column elementor-col-100 elementor-top-column elementor-element elementor-element-f68fb9d\" data-id=\"f68fb9d\" data-element_type=\"column\" data-e-type=\"column\">\n\t\t\t<div class=\"elementor-widget-wrap elementor-element-populated\">\n\t\t\t\t\t\t<div class=\"elementor-element elementor-element-c756e0e elementor-widget elementor-widget-spacer\" data-id=\"c756e0e\" data-element_type=\"widget\" data-e-type=\"widget\" data-widget_type=\"spacer.default\">\n\t\t\t\t<div class=\"elementor-widget-container\">\n\t\t\t\t\t\t\t<div class=\"elementor-spacer\">\n\t\t\t<div class=\"elementor-spacer-inner\"><\/div>\n\t\t<\/div>\n\t\t\t\t\t\t<\/div>\n\t\t\t\t<\/div>\n\t\t\t\t\t<\/div>\n\t\t<\/div>\n\t\t\t\t\t<\/div>\n\t\t<\/section>\n\t\t\t\t<section class=\"elementor-section elementor-top-section elementor-element elementor-element-73d2ec0 elementor-hidden-desktop elementor-hidden-tablet elementor-section-boxed elementor-section-height-default elementor-section-height-default\" data-id=\"73d2ec0\" data-element_type=\"section\" data-e-type=\"section\">\n\t\t\t\t\t\t<div class=\"elementor-container elementor-column-gap-default\">\n\t\t\t\t\t<div class=\"elementor-column elementor-col-33 elementor-top-column elementor-element elementor-element-f2defc0 animated-slow elementor-invisible\" data-id=\"f2defc0\" data-element_type=\"column\" data-e-type=\"column\" data-settings=\"{&quot;background_background&quot;:&quot;classic&quot;,&quot;animation&quot;:&quot;fadeInDown&quot;}\">\n\t\t\t<div class=\"elementor-widget-wrap elementor-element-populated\">\n\t\t\t\t\t\t<div class=\"elementor-element elementor-element-3864ed7 elementor-widget elementor-widget-image\" data-id=\"3864ed7\" data-element_type=\"widget\" data-e-type=\"widget\" data-widget_type=\"image.default\">\n\t\t\t\t<div class=\"elementor-widget-container\">\n\t\t\t\t\t\t\t\t\t\t\t\t\t\t\t<img fetchpriority=\"high\" decoding=\"async\" width=\"500\" height=\"500\" src=\"https:\/\/espinperitaciones.com\/wp-content\/uploads\/2021\/10\/hogar.png\" class=\"attachment-medium_large size-medium_large wp-image-53\" alt=\"hogar\" srcset=\"https:\/\/espinperitaciones.com\/wp-content\/uploads\/2021\/10\/hogar.png 500w, https:\/\/espinperitaciones.com\/wp-content\/uploads\/2021\/10\/hogar-300x300.png 300w, https:\/\/espinperitaciones.com\/wp-content\/uploads\/2021\/10\/hogar-150x150.png 150w\" sizes=\"(max-width: 500px) 100vw, 500px\" \/>\t\t\t\t\t\t\t\t\t\t\t\t\t\t\t<\/div>\n\t\t\t\t<\/div>\n\t\t\t\t\t<\/div>\n\t\t<\/div>\n\t\t\t\t<div class=\"elementor-column elementor-col-33 elementor-top-column elementor-element elementor-element-b2463db\" data-id=\"b2463db\" data-element_type=\"column\" data-e-type=\"column\">\n\t\t\t<div class=\"elementor-widget-wrap elementor-element-populated\">\n\t\t\t\t\t\t<div class=\"elementor-element elementor-element-c8e869d animated-slow elementor-invisible elementor-widget elementor-widget-image\" data-id=\"c8e869d\" data-element_type=\"widget\" data-e-type=\"widget\" data-settings=\"{&quot;_animation&quot;:&quot;fadeInUp&quot;}\" data-widget_type=\"image.default\">\n\t\t\t\t<div class=\"elementor-widget-container\">\n\t\t\t\t\t\t\t\t\t\t\t\t\t\t\t<img decoding=\"async\" width=\"1424\" height=\"687\" src=\"https:\/\/espinperitaciones.com\/wp-content\/uploads\/2021\/10\/familia.png\" class=\"attachment-full size-full wp-image-100\" alt=\"\" srcset=\"https:\/\/espinperitaciones.com\/wp-content\/uploads\/2021\/10\/familia.png 1424w, https:\/\/espinperitaciones.com\/wp-content\/uploads\/2021\/10\/familia-300x145.png 300w, https:\/\/espinperitaciones.com\/wp-content\/uploads\/2021\/10\/familia-1024x494.png 1024w, https:\/\/espinperitaciones.com\/wp-content\/uploads\/2021\/10\/familia-768x371.png 768w\" sizes=\"(max-width: 1424px) 100vw, 1424px\" \/>\t\t\t\t\t\t\t\t\t\t\t\t\t\t\t<\/div>\n\t\t\t\t<\/div>\n\t\t\t\t\t<\/div>\n\t\t<\/div>\n\t\t\t\t<div class=\"elementor-column elementor-col-33 elementor-top-column elementor-element elementor-element-ee87024\" data-id=\"ee87024\" data-element_type=\"column\" data-e-type=\"column\">\n\t\t\t<div class=\"elementor-widget-wrap elementor-element-populated\">\n\t\t\t\t\t\t<div class=\"elementor-element elementor-element-0399f3a animated-slow elementor-invisible elementor-widget elementor-widget-heading\" data-id=\"0399f3a\" data-element_type=\"widget\" data-e-type=\"widget\" data-settings=\"{&quot;_animation&quot;:&quot;fadeInDown&quot;}\" data-widget_type=\"heading.default\">\n\t\t\t\t<div class=\"elementor-widget-container\">\n\t\t\t\t\t<h2 class=\"elementor-heading-title elementor-size-default\">Peritaciones de defensa para siniestros de Hogar<\/h2>\t\t\t\t<\/div>\n\t\t\t\t<\/div>\n\t\t\t\t<div class=\"elementor-element elementor-element-191163e animated-slow elementor-invisible elementor-widget elementor-widget-text-editor\" data-id=\"191163e\" data-element_type=\"widget\" data-e-type=\"widget\" data-settings=\"{&quot;_animation&quot;:&quot;fadeInUp&quot;}\" data-widget_type=\"text-editor.default\">\n\t\t\t\t<div class=\"elementor-widget-container\">\n\t\t\t\t\t\t\t\t\t<p>Un siniestro en el hogar es un evento imprevisto e inevitable que puede provocar da\u00f1os en el inmueble, en su equipamiento o en las propias personas que se encuentran en \u00e9l en el momento del suceso.<\/p><p>Nosotros nos encargamos de la valoraci\u00f3n, verificaci\u00f3n y tasaci\u00f3n de los da\u00f1os que se hayan ocasionado en su vivienda como consecuencia de cualquier aver\u00eda o accidente.<\/p><p>Algunos de los siniestros m\u00e1s comunes que se suelen producir en el hogar son los da\u00f1os por agua, la rotura de cristales, los da\u00f1os el\u00e9ctricos y los da\u00f1os ocasionados por fen\u00f3menos atmosf\u00e9ricos como pueden ser las fuertes rachas de viento, lluvia o la ca\u00edda de nieve y pedrisco.<\/p>\t\t\t\t\t\t\t\t<\/div>\n\t\t\t\t<\/div>\n\t\t\t\t\t<\/div>\n\t\t<\/div>\n\t\t\t\t\t<\/div>\n\t\t<\/section>\n\t\t\t\t<section class=\"elementor-section elementor-top-section elementor-element elementor-element-a5dc327 elementor-section-boxed elementor-section-height-default elementor-section-height-default\" data-id=\"a5dc327\" data-element_type=\"section\" data-e-type=\"section\">\n\t\t\t\t\t\t<div class=\"elementor-container elementor-column-gap-default\">\n\t\t\t\t\t<div class=\"elementor-column elementor-col-100 elementor-top-column elementor-element elementor-element-24d3955\" data-id=\"24d3955\" data-element_type=\"column\" data-e-type=\"column\">\n\t\t\t<div class=\"elementor-widget-wrap\">\n\t\t\t\t\t\t\t<\/div>\n\t\t<\/div>\n\t\t\t\t\t<\/div>\n\t\t<\/section>\n\t\t\t\t<\/div>\n\t\t","protected":false},"excerpt":{"rendered":"<p>Peritaciones de defensa para siniestros de Hogar Un siniestro en el hogar es un evento imprevisto e inevitable que puede provocar da\u00f1os en el inmueble, en su equipamiento o en las propias personas que se encuentran en \u00e9l en el momento del suceso. Nosotros nos encargamos de la valoraci\u00f3n, verificaci\u00f3n y tasaci\u00f3n de los da\u00f1os &#8230; <a title=\"Siniestros hogar\" class=\"read-more\" href=\"https:\/\/espinperitaciones.com\/?page_id=97\" aria-label=\"Leer m\u00e1s sobre Siniestros hogar\">Leer m\u00e1s<\/a><\/p>\n","protected":false},"author":1,"featured_media":0,"parent":0,"menu_order":0,"comment_status":"closed","ping_status":"closed","template":"elementor_canvas","meta":{"rs_blank_template":"","rs_page_bg_color":"","slide_template_v7":"","footnotes":""},"class_list":["post-97","page","type-page","status-publish"],"_links":{"self":[{"href":"https:\/\/espinperitaciones.com\/index.php?rest_route=\/wp\/v2\/pages\/97","targetHints":{"allow":["GET"]}}],"collection":[{"href":"https:\/\/espinperitaciones.com\/index.php?rest_route=\/wp\/v2\/pages"}],"about":[{"href":"https:\/\/espinperitaciones.com\/index.php?rest_route=\/wp\/v2\/types\/page"}],"author":[{"embeddable":true,"href":"https:\/\/espinperitaciones.com\/index.php?rest_route=\/wp\/v2\/users\/1"}],"replies":[{"embeddable":true,"href":"https:\/\/espinperitaciones.com\/index.php?rest_route=%2Fwp%2Fv2%2Fcomments&post=97"}],"version-history":[{"count":73,"href":"https:\/\/espinperitaciones.com\/index.php?rest_route=\/wp\/v2\/pages\/97\/revisions"}],"predecessor-version":[{"id":1190,"href":"https:\/\/espinperitaciones.com\/index.php?rest_route=\/wp\/v2\/pages\/97\/revisions\/1190"}],"wp:attachment":[{"href":"https:\/\/espinperitaciones.com\/index.php?rest_route=%2Fwp%2Fv2%2Fmedia&parent=97"}],"curies":[{"name":"wp","href":"https:\/\/api.w.org\/{rel}","templated":true}]}}